{"id":22,"date":"2020-12-08T03:53:35","date_gmt":"2020-12-08T03:53:35","guid":{"rendered":"https:\/\/gaviaspreview.com\/wp\/paroti\/?page_id=22"},"modified":"2023-12-18T08:09:30","modified_gmt":"2023-12-18T08:09:30","slug":"contact","status":"publish","type":"page","link":"https:\/\/epic-africa.org\/staging\/2367\/contact\/","title":{"rendered":"Contact us"},"content":{"rendered":"\t\t<div data-elementor-type=\"wp-page\" data-elementor-id=\"22\" class=\"elementor elementor-22\" data-elementor-settings=\"{&quot;ha_cmc_init_switcher&quot;:&quot;no&quot;}\">\n\t\t\t\t\t\t<section class=\"elementor-section elementor-top-section elementor-element elementor-element-92e0144 elementor-section-boxed elementor-section-height-default elementor-section-height-default\" data-id=\"92e0144\" data-element_type=\"section\" data-e-type=\"section\" data-settings=\"{&quot;background_background&quot;:&quot;classic&quot;,&quot;_ha_eqh_enable&quot;:false}\">\n\t\t\t\t\t\t\t<div class=\"elementor-background-overlay\"><\/div>\n\t\t\t\t\t\t\t<div class=\"elementor-container elementor-column-gap-default\">\n\t\t\t\t\t<div class=\"elementor-column elementor-col-100 elementor-top-column elementor-element elementor-element-4c867da\" data-id=\"4c867da\" data-element_type=\"column\" data-e-type=\"column\">\n\t\t\t<div class=\"elementor-widget-wrap elementor-element-populated\">\n\t\t\t\t\t\t<div class=\"elementor-element elementor-element-2f4f55e elementor-widget elementor-widget-gva-heading-block\" data-id=\"2f4f55e\" data-element_type=\"widget\" data-e-type=\"widget\" data-widget_type=\"gva-heading-block.default\">\n\t\t\t\t<div class=\"elementor-widget-container\">\n\t\t\t\t\t<div class=\"gva-element-gva-heading-block gva-element\">   <div class=\"align-left style-1 widget gsc-heading box-align-left auto-responsive\">\r\n      <div class=\"content-inner\">\r\n         \r\n                  \r\n           \r\n         \r\n                     <h2 class=\"title\">\r\n               <span>Contact us<\/span>\r\n            <\/h2>\r\n                  \r\n                     <div class=\"title-desc\">Please feel free to reach out to us through the contact information provided below. <\/div>\r\n         \r\n         \r\n      <\/div>\r\n   <\/div>\r\n<\/div>\t\t\t\t<\/div>\n\t\t\t\t<\/div>\n\t\t\t\t\t<\/div>\n\t\t<\/div>\n\t\t\t\t\t<\/div>\n\t\t<\/section>\n\t\t\t\t<section class=\"elementor-section elementor-top-section elementor-element elementor-element-80bbb74 elementor-section-boxed elementor-section-height-default elementor-section-height-default\" data-id=\"80bbb74\" data-element_type=\"section\" data-e-type=\"section\" data-settings=\"{&quot;_ha_eqh_enable&quot;:false}\">\n\t\t\t\t\t\t<div class=\"elementor-container elementor-column-gap-default\">\n\t\t\t\t\t<div class=\"elementor-column elementor-col-100 elementor-top-column elementor-element elementor-element-8ce3fe7\" data-id=\"8ce3fe7\" data-element_type=\"column\" data-e-type=\"column\" data-settings=\"{&quot;background_background&quot;:&quot;classic&quot;}\">\n\t\t\t<div class=\"elementor-widget-wrap elementor-element-populated\">\n\t\t\t\t\t\t<section class=\"elementor-section elementor-inner-section elementor-element elementor-element-e9dbd72 elementor-section-boxed elementor-section-height-default elementor-section-height-default\" data-id=\"e9dbd72\" data-element_type=\"section\" data-e-type=\"section\" data-settings=\"{&quot;_ha_eqh_enable&quot;:false}\">\n\t\t\t\t\t\t<div class=\"elementor-container elementor-column-gap-default\">\n\t\t\t\t\t<div class=\"elementor-column elementor-col-33 elementor-inner-column elementor-element elementor-element-8523f3c\" data-id=\"8523f3c\" data-element_type=\"column\" data-e-type=\"column\">\n\t\t\t<div class=\"elementor-widget-wrap elementor-element-populated\">\n\t\t\t\t\t\t<div class=\"elementor-element elementor-element-dbf07e9 elementor-view-stacked elementor-shape-circle elementor-position-block-start elementor-mobile-position-block-start elementor-widget elementor-widget-icon-box\" data-id=\"dbf07e9\" data-element_type=\"widget\" data-e-type=\"widget\" data-widget_type=\"icon-box.default\">\n\t\t\t\t<div class=\"elementor-widget-container\">\n\t\t\t\t\t\t\t<div class=\"elementor-icon-box-wrapper\">\n\n\t\t\t\t\t\t<div class=\"elementor-icon-box-icon\">\n\t\t\t\t<a href=\"mailto:support@epic-africa.org\" class=\"elementor-icon\" tabindex=\"-1\">\n\t\t\t\t<i aria-hidden=\"true\" class=\"fas fa-envelope-open\"><\/i>\t\t\t\t<\/a>\n\t\t\t<\/div>\n\t\t\t\n\t\t\t\t\t\t<div class=\"elementor-icon-box-content\">\n\n\t\t\t\t\n\t\t\t\t\t\t\t\t\t<p class=\"elementor-icon-box-description\">\n\t\t\t\t\t\tsupport@epic-africa.org\t\t\t\t\t<\/p>\n\t\t\t\t\n\t\t\t<\/div>\n\t\t\t\n\t\t<\/div>\n\t\t\t\t\t\t<\/div>\n\t\t\t\t<\/div>\n\t\t\t\t\t<\/div>\n\t\t<\/div>\n\t\t\t\t<div class=\"elementor-column elementor-col-33 elementor-inner-column elementor-element elementor-element-0b2f3b1\" data-id=\"0b2f3b1\" data-element_type=\"column\" data-e-type=\"column\">\n\t\t\t<div class=\"elementor-widget-wrap elementor-element-populated\">\n\t\t\t\t\t\t<div class=\"elementor-element elementor-element-5e6c40a elementor-view-stacked elementor-shape-circle elementor-position-block-start elementor-mobile-position-block-start elementor-widget elementor-widget-icon-box\" data-id=\"5e6c40a\" data-element_type=\"widget\" data-e-type=\"widget\" data-widget_type=\"icon-box.default\">\n\t\t\t\t<div class=\"elementor-widget-container\">\n\t\t\t\t\t\t\t<div class=\"elementor-icon-box-wrapper\">\n\n\t\t\t\t\t\t<div class=\"elementor-icon-box-icon\">\n\t\t\t\t<span  class=\"elementor-icon\">\n\t\t\t\t<i aria-hidden=\"true\" class=\"fas fa-map-marked-alt\"><\/i>\t\t\t\t<\/span>\n\t\t\t<\/div>\n\t\t\t\n\t\t\t\t\t\t<div class=\"elementor-icon-box-content\">\n\n\t\t\t\t\n\t\t\t\t\t\t\t\t\t<p class=\"elementor-icon-box-description\">\n\t\t\t\t\t\tLe Thiargane Building 3rd floor, Mermoz, Place OMVS, Lotissement \u00c9cole de Police, Dakar, S\u00e9n\u00e9gal.\t\t\t\t\t<\/p>\n\t\t\t\t\n\t\t\t<\/div>\n\t\t\t\n\t\t<\/div>\n\t\t\t\t\t\t<\/div>\n\t\t\t\t<\/div>\n\t\t\t\t\t<\/div>\n\t\t<\/div>\n\t\t\t\t<div class=\"elementor-column elementor-col-33 elementor-inner-column elementor-element elementor-element-76c357e\" data-id=\"76c357e\" data-element_type=\"column\" data-e-type=\"column\">\n\t\t\t<div class=\"elementor-widget-wrap elementor-element-populated\">\n\t\t\t\t\t\t\t<\/div>\n\t\t<\/div>\n\t\t\t\t\t<\/div>\n\t\t<\/section>\n\t\t\t\t\t<\/div>\n\t\t<\/div>\n\t\t\t\t\t<\/div>\n\t\t<\/section>\n\t\t\t\t<section class=\"elementor-section elementor-top-section elementor-element elementor-element-4c28251 elementor-section-boxed elementor-section-height-default elementor-section-height-default\" data-id=\"4c28251\" data-element_type=\"section\" data-e-type=\"section\" data-settings=\"{&quot;_ha_eqh_enable&quot;:false}\">\n\t\t\t\t\t\t<div class=\"elementor-container elementor-column-gap-default\">\n\t\t\t\t\t<div class=\"elementor-column elementor-col-50 elementor-top-column elementor-element elementor-element-3723b0c\" data-id=\"3723b0c\" data-element_type=\"column\" data-e-type=\"column\">\n\t\t\t<div class=\"elementor-widget-wrap elementor-element-populated\">\n\t\t\t\t\t\t<div class=\"elementor-element elementor-element-3343e09 elementor-widget elementor-widget-gva-heading-block\" data-id=\"3343e09\" data-element_type=\"widget\" data-e-type=\"widget\" data-widget_type=\"gva-heading-block.default\">\n\t\t\t\t<div class=\"elementor-widget-container\">\n\t\t\t\t\t<div class=\"gva-element-gva-heading-block gva-element\">   <div class=\"align-left style-1 widget gsc-heading box-align-left auto-responsive\">\r\n      <div class=\"content-inner\">\r\n         \r\n                  \r\n         <div class=\"sub-title\"><span class=\"tagline\">Contact with us<\/span><\/div>  \r\n         \r\n                     <h2 class=\"title\">\r\n               <span>We'll love to hear from you<\/span>\r\n            <\/h2>\r\n                  \r\n                     <div class=\"title-desc\">We look forward to connecting with you and working together to amplify the impact of African CSOs through data and collaboration. \nIf you have specific questions or requests regarding the data and research conducted by EPIC-Africa, our Data team is here to assist you. Please contact us with your inquiries, and we will strive to provide the information you need.<\/div>\r\n         \r\n         \r\n      <\/div>\r\n   <\/div>\r\n<\/div>\t\t\t\t<\/div>\n\t\t\t\t<\/div>\n\t\t\t\t<div class=\"elementor-element elementor-element-ea9b3d9 e-grid-align-left e-grid-align-mobile-left elementor-widget__width-auto elementor-shape-rounded elementor-grid-0 elementor-widget elementor-widget-social-icons\" data-id=\"ea9b3d9\" data-element_type=\"widget\" data-e-type=\"widget\" data-widget_type=\"social-icons.default\">\n\t\t\t\t<div class=\"elementor-widget-container\">\n\t\t\t\t\t\t\t<div class=\"elementor-social-icons-wrapper elementor-grid\" role=\"list\">\n\t\t\t\t\t\t\t<span class=\"elementor-grid-item\" role=\"listitem\">\n\t\t\t\t\t<a class=\"elementor-icon elementor-social-icon elementor-social-icon-facebook elementor-repeater-item-b32881d\" href=\"https:\/\/www.facebook.com\/EPICAfrica.Fdn\/\" target=\"_blank\">\n\t\t\t\t\t\t<span class=\"elementor-screen-only\">Facebook<\/span>\n\t\t\t\t\t\t<i aria-hidden=\"true\" class=\"fab fa-facebook\"><\/i>\t\t\t\t\t<\/a>\n\t\t\t\t<\/span>\n\t\t\t\t\t\t\t<span class=\"elementor-grid-item\" role=\"listitem\">\n\t\t\t\t\t<a class=\"elementor-icon elementor-social-icon elementor-social-icon-twitter elementor-repeater-item-bb4b3ef\" href=\"https:\/\/twitter.com\/EPIC_Africa_\/\" target=\"_blank\">\n\t\t\t\t\t\t<span class=\"elementor-screen-only\">Twitter<\/span>\n\t\t\t\t\t\t<i aria-hidden=\"true\" class=\"fab fa-twitter\"><\/i>\t\t\t\t\t<\/a>\n\t\t\t\t<\/span>\n\t\t\t\t\t\t\t<span class=\"elementor-grid-item\" role=\"listitem\">\n\t\t\t\t\t<a class=\"elementor-icon elementor-social-icon elementor-social-icon-linkedin elementor-repeater-item-1450104\" href=\"https:\/\/www.linkedin.com\/company\/epic-africa-llc\/\" target=\"_blank\">\n\t\t\t\t\t\t<span class=\"elementor-screen-only\">Linkedin<\/span>\n\t\t\t\t\t\t<i aria-hidden=\"true\" class=\"fab fa-linkedin\"><\/i>\t\t\t\t\t<\/a>\n\t\t\t\t<\/span>\n\t\t\t\t\t<\/div>\n\t\t\t\t\t\t<\/div>\n\t\t\t\t<\/div>\n\t\t\t\t\t<\/div>\n\t\t<\/div>\n\t\t\t\t<div class=\"elementor-column elementor-col-50 elementor-top-column elementor-element elementor-element-99ff15c\" data-id=\"99ff15c\" data-element_type=\"column\" data-e-type=\"column\">\n\t\t\t<div class=\"elementor-widget-wrap elementor-element-populated\">\n\t\t\t\t\t\t<div class=\"elementor-element elementor-element-97040fa elementor-widget elementor-widget-shortcode\" data-id=\"97040fa\" data-element_type=\"widget\" data-e-type=\"widget\" data-widget_type=\"shortcode.default\">\n\t\t\t\t<div class=\"elementor-widget-container\">\n\t\t\t\t\t\t\t<div class=\"elementor-shortcode\">[contact-form-7 id=\"1577\" title=\"Contact Form\"]<\/div>\n\t\t\t\t\t\t<\/div>\n\t\t\t\t<\/div>\n\t\t\t\t\t<\/div>\n\t\t<\/div>\n\t\t\t\t\t<\/div>\n\t\t<\/section>\n\t\t\t\t<section class=\"elementor-section elementor-top-section elementor-element elementor-element-58d10fa elementor-section-full_width elementor-section-height-default elementor-section-height-default\" data-id=\"58d10fa\" data-element_type=\"section\" data-e-type=\"section\" data-settings=\"{&quot;_ha_eqh_enable&quot;:false}\">\n\t\t\t\t\t\t<div class=\"elementor-container elementor-column-gap-default\">\n\t\t\t\t\t<div class=\"elementor-column elementor-col-100 elementor-top-column elementor-element elementor-element-c178133\" data-id=\"c178133\" data-element_type=\"column\" data-e-type=\"column\">\n\t\t\t<div class=\"elementor-widget-wrap elementor-element-populated\">\n\t\t\t\t\t\t<div class=\"elementor-element elementor-element-1f01ca3 elementor-widget elementor-widget-google_maps\" data-id=\"1f01ca3\" data-element_type=\"widget\" data-e-type=\"widget\" data-widget_type=\"google_maps.default\">\n\t\t\t\t<div class=\"elementor-widget-container\">\n\t\t\t\t\t\t\t<div class=\"elementor-custom-embed\">\n\t\t\t<iframe loading=\"lazy\"\n\t\t\t\t\tsrc=\"https:\/\/maps.google.com\/maps?q=Hask%C3%A8%20Group%2C%20Dakar&#038;t=m&#038;z=15&#038;output=embed&#038;iwloc=near\"\n\t\t\t\t\ttitle=\"Hask\u00e8 Group, Dakar\"\n\t\t\t\t\taria-label=\"Hask\u00e8 Group, Dakar\"\n\t\t\t><\/iframe>\n\t\t<\/div>\n\t\t\t\t\t\t<\/div>\n\t\t\t\t<\/div>\n\t\t\t\t\t<\/div>\n\t\t<\/div>\n\t\t\t\t\t<\/div>\n\t\t<\/section>\n\t\t\t\t<\/div>\n\t\t","protected":false},"excerpt":{"rendered":"<p>Contact us Please feel free to reach out to us through the contact information provided below. support@epic-africa.org Le Thiargane Building 3rd floor, Mermoz, Place OMVS, Lotissement \u00c9cole de Police, Dakar, [&hellip;]<\/p>\n","protected":false},"author":1,"featured_media":0,"parent":0,"menu_order":0,"comment_status":"closed","ping_status":"closed","template":"","meta":{"nf_dc_page":"","content-type":"","inline_featured_image":false,"footnotes":""},"class_list":["post-22","page","type-page","status-publish","hentry"],"yoast_head":"<!-- This site is optimized with the Yoast SEO plugin v27.4 - https:\/\/yoast.com\/product\/yoast-seo-wordpress\/ -->\n<title>Contact us - EPIC-Africa<\/title>\n<meta name=\"robots\" content=\"index, follow, max-snippet:-1, max-image-preview:large, max-video-preview:-1\" \/>\n<link rel=\"canonical\" href=\"https:\/\/epic-africa.org\/staging\/2367\/contact\/\" \/>\n<meta property=\"og:locale\" content=\"en_US\" \/>\n<meta property=\"og:type\" content=\"article\" \/>\n<meta property=\"og:title\" content=\"Contact us - EPIC-Africa\" \/>\n<meta property=\"og:description\" content=\"Contact us Please feel free to reach out to us through the contact information provided below. support@epic-africa.org Le Thiargane Building 3rd floor, Mermoz, Place OMVS, Lotissement \u00c9cole de Police, Dakar, [&hellip;]\" \/>\n<meta property=\"og:url\" content=\"https:\/\/epic-africa.org\/staging\/2367\/contact\/\" \/>\n<meta property=\"og:site_name\" content=\"EPIC-Africa\" \/>\n<meta property=\"article:publisher\" content=\"https:\/\/www.facebook.com\/EPICAfrica.Fdn\/\" \/>\n<meta property=\"article:modified_time\" content=\"2023-12-18T08:09:30+00:00\" \/>\n<meta name=\"twitter:card\" content=\"summary_large_image\" \/>\n<meta name=\"twitter:site\" content=\"@EPIC_Africa_\" \/>\n<meta name=\"twitter:label1\" content=\"Est. reading time\" \/>\n\t<meta name=\"twitter:data1\" content=\"1 minute\" \/>\n<script type=\"application\/ld+json\" class=\"yoast-schema-graph\">{\"@context\":\"https:\\\/\\\/schema.org\",\"@graph\":[{\"@type\":\"WebPage\",\"@id\":\"https:\\\/\\\/epic-africa.org\\\/staging\\\/2367\\\/contact\\\/\",\"url\":\"https:\\\/\\\/epic-africa.org\\\/staging\\\/2367\\\/contact\\\/\",\"name\":\"Contact us - EPIC-Africa\",\"isPartOf\":{\"@id\":\"https:\\\/\\\/epic-africa.org\\\/staging\\\/2367\\\/#website\"},\"datePublished\":\"2020-12-08T03:53:35+00:00\",\"dateModified\":\"2023-12-18T08:09:30+00:00\",\"breadcrumb\":{\"@id\":\"https:\\\/\\\/epic-africa.org\\\/staging\\\/2367\\\/contact\\\/#breadcrumb\"},\"inLanguage\":\"en-US\",\"potentialAction\":[{\"@type\":\"ReadAction\",\"target\":[\"https:\\\/\\\/epic-africa.org\\\/staging\\\/2367\\\/contact\\\/\"]}]},{\"@type\":\"BreadcrumbList\",\"@id\":\"https:\\\/\\\/epic-africa.org\\\/staging\\\/2367\\\/contact\\\/#breadcrumb\",\"itemListElement\":[{\"@type\":\"ListItem\",\"position\":1,\"name\":\"Home\",\"item\":\"https:\\\/\\\/epic-africa.org\\\/staging\\\/2367\\\/\"},{\"@type\":\"ListItem\",\"position\":2,\"name\":\"Contact us\"}]},{\"@type\":\"WebSite\",\"@id\":\"https:\\\/\\\/epic-africa.org\\\/staging\\\/2367\\\/#website\",\"url\":\"https:\\\/\\\/epic-africa.org\\\/staging\\\/2367\\\/\",\"name\":\"EPIC-Africa\",\"description\":\"Enhancing Philanthropic Impact\",\"publisher\":{\"@id\":\"https:\\\/\\\/epic-africa.org\\\/staging\\\/2367\\\/#organization\"},\"potentialAction\":[{\"@type\":\"SearchAction\",\"target\":{\"@type\":\"EntryPoint\",\"urlTemplate\":\"https:\\\/\\\/epic-africa.org\\\/staging\\\/2367\\\/?s={search_term_string}\"},\"query-input\":{\"@type\":\"PropertyValueSpecification\",\"valueRequired\":true,\"valueName\":\"search_term_string\"}}],\"inLanguage\":\"en-US\"},{\"@type\":\"Organization\",\"@id\":\"https:\\\/\\\/epic-africa.org\\\/staging\\\/2367\\\/#organization\",\"name\":\"EPIC-Africa\",\"url\":\"https:\\\/\\\/epic-africa.org\\\/staging\\\/2367\\\/\",\"logo\":{\"@type\":\"ImageObject\",\"inLanguage\":\"en-US\",\"@id\":\"https:\\\/\\\/epic-africa.org\\\/staging\\\/2367\\\/#\\\/schema\\\/logo\\\/image\\\/\",\"url\":\"https:\\\/\\\/epic-africa.org\\\/staging\\\/2367\\\/wp-content\\\/uploads\\\/2021\\\/08\\\/EA-full-colour.png\",\"contentUrl\":\"https:\\\/\\\/epic-africa.org\\\/staging\\\/2367\\\/wp-content\\\/uploads\\\/2021\\\/08\\\/EA-full-colour.png\",\"width\":2481,\"height\":710,\"caption\":\"EPIC-Africa\"},\"image\":{\"@id\":\"https:\\\/\\\/epic-africa.org\\\/staging\\\/2367\\\/#\\\/schema\\\/logo\\\/image\\\/\"},\"sameAs\":[\"https:\\\/\\\/www.facebook.com\\\/EPICAfrica.Fdn\\\/\",\"https:\\\/\\\/x.com\\\/EPIC_Africa_\",\"https:\\\/\\\/www.linkedin.com\\\/company\\\/epic-africa-llc\\\/\"]}]}<\/script>\n<!-- \/ Yoast SEO plugin. -->","yoast_head_json":{"title":"Contact us - EPIC-Africa","robots":{"index":"index","follow":"follow","max-snippet":"max-snippet:-1","max-image-preview":"max-image-preview:large","max-video-preview":"max-video-preview:-1"},"canonical":"https:\/\/epic-africa.org\/staging\/2367\/contact\/","og_locale":"en_US","og_type":"article","og_title":"Contact us - EPIC-Africa","og_description":"Contact us Please feel free to reach out to us through the contact information provided below. support@epic-africa.org Le Thiargane Building 3rd floor, Mermoz, Place OMVS, Lotissement \u00c9cole de Police, Dakar, [&hellip;]","og_url":"https:\/\/epic-africa.org\/staging\/2367\/contact\/","og_site_name":"EPIC-Africa","article_publisher":"https:\/\/www.facebook.com\/EPICAfrica.Fdn\/","article_modified_time":"2023-12-18T08:09:30+00:00","twitter_card":"summary_large_image","twitter_site":"@EPIC_Africa_","twitter_misc":{"Est. reading time":"1 minute"},"schema":{"@context":"https:\/\/schema.org","@graph":[{"@type":"WebPage","@id":"https:\/\/epic-africa.org\/staging\/2367\/contact\/","url":"https:\/\/epic-africa.org\/staging\/2367\/contact\/","name":"Contact us - EPIC-Africa","isPartOf":{"@id":"https:\/\/epic-africa.org\/staging\/2367\/#website"},"datePublished":"2020-12-08T03:53:35+00:00","dateModified":"2023-12-18T08:09:30+00:00","breadcrumb":{"@id":"https:\/\/epic-africa.org\/staging\/2367\/contact\/#breadcrumb"},"inLanguage":"en-US","potentialAction":[{"@type":"ReadAction","target":["https:\/\/epic-africa.org\/staging\/2367\/contact\/"]}]},{"@type":"BreadcrumbList","@id":"https:\/\/epic-africa.org\/staging\/2367\/contact\/#breadcrumb","itemListElement":[{"@type":"ListItem","position":1,"name":"Home","item":"https:\/\/epic-africa.org\/staging\/2367\/"},{"@type":"ListItem","position":2,"name":"Contact us"}]},{"@type":"WebSite","@id":"https:\/\/epic-africa.org\/staging\/2367\/#website","url":"https:\/\/epic-africa.org\/staging\/2367\/","name":"EPIC-Africa","description":"Enhancing Philanthropic Impact","publisher":{"@id":"https:\/\/epic-africa.org\/staging\/2367\/#organization"},"potentialAction":[{"@type":"SearchAction","target":{"@type":"EntryPoint","urlTemplate":"https:\/\/epic-africa.org\/staging\/2367\/?s={search_term_string}"},"query-input":{"@type":"PropertyValueSpecification","valueRequired":true,"valueName":"search_term_string"}}],"inLanguage":"en-US"},{"@type":"Organization","@id":"https:\/\/epic-africa.org\/staging\/2367\/#organization","name":"EPIC-Africa","url":"https:\/\/epic-africa.org\/staging\/2367\/","logo":{"@type":"ImageObject","inLanguage":"en-US","@id":"https:\/\/epic-africa.org\/staging\/2367\/#\/schema\/logo\/image\/","url":"https:\/\/epic-africa.org\/staging\/2367\/wp-content\/uploads\/2021\/08\/EA-full-colour.png","contentUrl":"https:\/\/epic-africa.org\/staging\/2367\/wp-content\/uploads\/2021\/08\/EA-full-colour.png","width":2481,"height":710,"caption":"EPIC-Africa"},"image":{"@id":"https:\/\/epic-africa.org\/staging\/2367\/#\/schema\/logo\/image\/"},"sameAs":["https:\/\/www.facebook.com\/EPICAfrica.Fdn\/","https:\/\/x.com\/EPIC_Africa_","https:\/\/www.linkedin.com\/company\/epic-africa-llc\/"]}]}},"_links":{"self":[{"href":"https:\/\/epic-africa.org\/staging\/2367\/wp-json\/wp\/v2\/pages\/22","targetHints":{"allow":["GET"]}}],"collection":[{"href":"https:\/\/epic-africa.org\/staging\/2367\/wp-json\/wp\/v2\/pages"}],"about":[{"href":"https:\/\/epic-africa.org\/staging\/2367\/wp-json\/wp\/v2\/types\/page"}],"author":[{"embeddable":true,"href":"https:\/\/epic-africa.org\/staging\/2367\/wp-json\/wp\/v2\/users\/1"}],"replies":[{"embeddable":true,"href":"https:\/\/epic-africa.org\/staging\/2367\/wp-json\/wp\/v2\/comments?post=22"}],"version-history":[{"count":5,"href":"https:\/\/epic-africa.org\/staging\/2367\/wp-json\/wp\/v2\/pages\/22\/revisions"}],"predecessor-version":[{"id":2884,"href":"https:\/\/epic-africa.org\/staging\/2367\/wp-json\/wp\/v2\/pages\/22\/revisions\/2884"}],"wp:attachment":[{"href":"https:\/\/epic-africa.org\/staging\/2367\/wp-json\/wp\/v2\/media?parent=22"}],"curies":[{"name":"wp","href":"https:\/\/api.w.org\/{rel}","templated":true}]}}